{"id":4384,"date":"2024-09-11T13:30:57","date_gmt":"2024-09-11T11:30:57","guid":{"rendered":"https:\/\/fromagerie-lincet.net\/economy\/"},"modified":"2025-11-14T11:12:58","modified_gmt":"2025-11-14T10:12:58","slug":"economy","status":"publish","type":"page","link":"https:\/\/fromagerie-lincet.net\/en\/economy\/","title":{"rendered":"Economy"},"content":{"rendered":"\t\t<div data-elementor-type=\"wp-page\" data-elementor-id=\"4384\" class=\"elementor elementor-4384 elementor-855\" data-elementor-post-type=\"page\">\n\t\t\t\t<div class=\"elementor-element elementor-element-6304aed e-flex e-con-boxed e-con e-parent\" data-id=\"6304aed\" data-element_type=\"container\" data-settings=\"{&quot;background_background&quot;:&quot;classic&quot;}\">\n\t\t\t\t\t<div class=\"e-con-inner\">\n\t\t<div class=\"elementor-element elementor-element-daa30e8 e-con-full e-flex e-con e-child\" data-id=\"daa30e8\" data-element_type=\"container\" data-settings=\"{&quot;background_background&quot;:&quot;classic&quot;}\">\n\t\t\t\t<div class=\"elementor-element elementor-element-6b41efa elementor-widget-divider--view-line elementor-widget elementor-widget-divider\" data-id=\"6b41efa\" data-element_type=\"widget\" data-widget_type=\"divider.default\">\n\t\t\t\t<div class=\"elementor-widget-container\">\n\t\t\t\t\t\t\t<div class=\"elementor-divider\">\n\t\t\t<span class=\"elementor-divider-separator\">\n\t\t\t\t\t\t<\/span>\n\t\t<\/div>\n\t\t\t\t\t\t<\/div>\n\t\t\t\t<\/div>\n\t\t\t\t<div class=\"elementor-element elementor-element-628e57a elementor-widget elementor-widget-text-editor\" data-id=\"628e57a\" data-element_type=\"widget\" data-widget_type=\"text-editor.default\">\n\t\t\t\t<div class=\"elementor-widget-container\">\n\t\t\t\t\t\t\t\t\t<p>Keeping the business and family values alive<\/p>\t\t\t\t\t\t\t\t<\/div>\n\t\t\t\t<\/div>\n\t\t\t\t<\/div>\n\t\t\t\t\t<\/div>\n\t\t\t\t<\/div>\n\t\t<div class=\"elementor-element elementor-element-29292b7 e-flex e-con-boxed e-con e-parent\" data-id=\"29292b7\" data-element_type=\"container\">\n\t\t\t\t\t<div class=\"e-con-inner\">\n\t\t<div class=\"elementor-element elementor-element-b869025 e-con-full e-flex e-con e-child\" data-id=\"b869025\" data-element_type=\"container\">\n\t\t\t\t<div class=\"elementor-element elementor-element-d35a028 elementor-widget elementor-widget-image\" data-id=\"d35a028\" data-element_type=\"widget\" data-widget_type=\"image.default\">\n\t\t\t\t<div class=\"elementor-widget-container\">\n\t\t\t\t\t\t\t\t\t\t\t\t\t\t\t<img fetchpriority=\"high\" decoding=\"async\" width=\"800\" height=\"532\" src=\"https:\/\/fromagerie-lincet.net\/wp-content\/uploads\/2024\/09\/FROMAGERIE-LINCET_CHAOURCE-AOP2_FRO5-1024x681.jpg\" class=\"attachment-large size-large wp-image-4076\" alt=\"Deux camions-citernes \u00e0 lait argent\u00e9s circulent sur une route longeant un vaste champ verdoyant. En arri\u00e8re-plan, on aper\u00e7oit un petit village et des collines vallonn\u00e9es bord\u00e9es d&#039;arbres sous un ciel bleu clair.\" srcset=\"https:\/\/fromagerie-lincet.net\/wp-content\/uploads\/2024\/09\/FROMAGERIE-LINCET_CHAOURCE-AOP2_FRO5-1024x681.jpg 1024w, https:\/\/fromagerie-lincet.net\/wp-content\/uploads\/2024\/09\/FROMAGERIE-LINCET_CHAOURCE-AOP2_FRO5-300x200.jpg 300w, https:\/\/fromagerie-lincet.net\/wp-content\/uploads\/2024\/09\/FROMAGERIE-LINCET_CHAOURCE-AOP2_FRO5-768x511.jpg 768w, https:\/\/fromagerie-lincet.net\/wp-content\/uploads\/2024\/09\/FROMAGERIE-LINCET_CHAOURCE-AOP2_FRO5-1536x1022.jpg 1536w, https:\/\/fromagerie-lincet.net\/wp-content\/uploads\/2024\/09\/FROMAGERIE-LINCET_CHAOURCE-AOP2_FRO5-2048x1363.jpg 2048w\" sizes=\"(max-width: 800px) 100vw, 800px\" \/>\t\t\t\t\t\t\t\t\t\t\t\t\t\t\t<\/div>\n\t\t\t\t<\/div>\n\t\t\t\t<\/div>\n\t\t<div class=\"elementor-element elementor-element-aa86878 e-con-full e-flex e-con e-child\" data-id=\"aa86878\" data-element_type=\"container\">\n\t\t\t\t<div class=\"elementor-element elementor-element-59201ba elementor-position-left elementor-vertical-align-middle elementor-widget elementor-widget-image-box\" data-id=\"59201ba\" data-element_type=\"widget\" data-widget_type=\"image-box.default\">\n\t\t\t\t<div class=\"elementor-widget-container\">\n\t\t\t\t\t<div class=\"elementor-image-box-wrapper\"><figure class=\"elementor-image-box-img\"><img alt=\"\" decoding=\"async\" width=\"500\" height=\"501\" src=\"https:\/\/fromagerie-lincet.net\/wp-content\/uploads\/2025\/02\/Arbre.webp\" class=\"attachment-full size-full wp-image-2550\" alt=\"\" srcset=\"https:\/\/fromagerie-lincet.net\/wp-content\/uploads\/2025\/02\/Arbre.webp 500w, https:\/\/fromagerie-lincet.net\/wp-content\/uploads\/2025\/02\/Arbre-300x300.webp 300w, https:\/\/fromagerie-lincet.net\/wp-content\/uploads\/2025\/02\/Arbre-150x150.webp 150w\" sizes=\"(max-width: 500px) 100vw, 500px\" \/><\/figure><div class=\"elementor-image-box-content\"><p class=\"elementor-image-box-description\"><strong>Preserving family values <\/strong> and passing them on from generation to generation <\/p><\/div><\/div>\t\t\t\t<\/div>\n\t\t\t\t<\/div>\n\t\t\t\t<div class=\"elementor-element elementor-element-731cc2b elementor-position-left elementor-vertical-align-middle elementor-widget elementor-widget-image-box\" data-id=\"731cc2b\" data-element_type=\"widget\" data-widget_type=\"image-box.default\">\n\t\t\t\t<div class=\"elementor-widget-container\">\n\t\t\t\t\t<div class=\"elementor-image-box-wrapper\"><figure class=\"elementor-image-box-img\"><img alt=\"\" decoding=\"async\" width=\"500\" height=\"501\" src=\"https:\/\/fromagerie-lincet.net\/wp-content\/uploads\/2025\/02\/tablier.webp\" class=\"attachment-full size-full wp-image-2540\" alt=\"\" srcset=\"https:\/\/fromagerie-lincet.net\/wp-content\/uploads\/2025\/02\/tablier.webp 500w, https:\/\/fromagerie-lincet.net\/wp-content\/uploads\/2025\/02\/tablier-300x300.webp 300w, https:\/\/fromagerie-lincet.net\/wp-content\/uploads\/2025\/02\/tablier-150x150.webp 150w\" sizes=\"(max-width: 500px) 100vw, 500px\" \/><\/figure><div class=\"elementor-image-box-content\"><p class=\"elementor-image-box-description\"><strong>Promoting practices and know-how<\/strong> to ensure the renewal of cheese-makers <\/p><\/div><\/div>\t\t\t\t<\/div>\n\t\t\t\t<\/div>\n\t\t\t\t<div class=\"elementor-element elementor-element-c3d2c57 elementor-position-left elementor-vertical-align-middle elementor-widget elementor-widget-image-box\" data-id=\"c3d2c57\" data-element_type=\"widget\" data-widget_type=\"image-box.default\">\n\t\t\t\t<div class=\"elementor-widget-container\">\n\t\t\t\t\t<div class=\"elementor-image-box-wrapper\"><figure class=\"elementor-image-box-img\"><img alt=\"\" loading=\"lazy\" decoding=\"async\" width=\"500\" height=\"501\" src=\"https:\/\/fromagerie-lincet.net\/wp-content\/uploads\/2025\/02\/Gps.webp\" class=\"attachment-full size-full wp-image-2556\" alt=\"\" srcset=\"https:\/\/fromagerie-lincet.net\/wp-content\/uploads\/2025\/02\/Gps.webp 500w, https:\/\/fromagerie-lincet.net\/wp-content\/uploads\/2025\/02\/Gps-300x300.webp 300w, https:\/\/fromagerie-lincet.net\/wp-content\/uploads\/2025\/02\/Gps-150x150.webp 150w\" sizes=\"(max-width: 500px) 100vw, 500px\" \/><\/figure><div class=\"elementor-image-box-content\"><p class=\"elementor-image-box-description\"><strong>Improving consumption and waste control<\/strong> in our production sites  <\/p><\/div><\/div>\t\t\t\t<\/div>\n\t\t\t\t<\/div>\n\t\t\t\t<div class=\"elementor-element elementor-element-3b98258 elementor-position-left elementor-vertical-align-middle elementor-widget elementor-widget-image-box\" data-id=\"3b98258\" data-element_type=\"widget\" data-widget_type=\"image-box.default\">\n\t\t\t\t<div class=\"elementor-widget-container\">\n\t\t\t\t\t<div class=\"elementor-image-box-wrapper\"><figure class=\"elementor-image-box-img\"><img alt=\"\" loading=\"lazy\" decoding=\"async\" width=\"500\" height=\"501\" src=\"https:\/\/fromagerie-lincet.net\/wp-content\/uploads\/2025\/02\/Plateau.webp\" class=\"attachment-full size-full wp-image-2557\" alt=\"\" srcset=\"https:\/\/fromagerie-lincet.net\/wp-content\/uploads\/2025\/02\/Plateau.webp 500w, https:\/\/fromagerie-lincet.net\/wp-content\/uploads\/2025\/02\/Plateau-300x300.webp 300w, https:\/\/fromagerie-lincet.net\/wp-content\/uploads\/2025\/02\/Plateau-150x150.webp 150w\" sizes=\"(max-width: 500px) 100vw, 500px\" \/><\/figure><div class=\"elementor-image-box-content\"><p class=\"elementor-image-box-description\">Giving <strong>visibility to our cheeses and to the company <\/strong>overall <\/p><\/div><\/div>\t\t\t\t<\/div>\n\t\t\t\t<\/div>\n\t\t\t\t<\/div>\n\t\t\t\t\t<\/div>\n\t\t\t\t<\/div>\n\t\t<div class=\"elementor-element elementor-element-21a29ce e-flex e-con-boxed e-con e-parent\" data-id=\"21a29ce\" data-element_type=\"container\">\n\t\t\t\t\t<div class=\"e-con-inner\">\n\t\t<div class=\"elementor-element elementor-element-1316e9a e-con-full e-flex e-con e-child\" data-id=\"1316e9a\" data-element_type=\"container\">\n\t\t\t\t<div class=\"elementor-element elementor-element-100a4e4 elementor-widget elementor-widget-text-editor\" data-id=\"100a4e4\" data-element_type=\"widget\" data-widget_type=\"text-editor.default\">\n\t\t\t\t<div class=\"elementor-widget-container\">\n\t\t\t\t\t\t\t\t\t<h2>Lincet traditional milk: milk with a mission!<\/h2><p>Around 80% of the milk collected by Lincet is processed into cheese, while the remaining 20%, known as the surplus, is now being made better use of with our <span style=\"color: #002f87;\"><strong><a style=\"color: #002f87;\" href=\"https:\/\/lincet.3com-medias.com\/fromage\/le-lait-de-tradition\/\">Traditional Milk<\/a><\/strong><\/span> in cartons, launched in 2022.<br \/>The milk is left untouched after milking! Between the time it is collected from the farms and the time it is put into cartons, it will travel no more than 150\u00a0km. That is why it is called non-standardised whole milk.<br \/>It also means being increasingly committed to our farmers! <strong>Our challenge? Reducing surplus milk losses, offering our farmers a higher income and supplying tasty, local, responsible milk, as part of a virtuous approach.<\/strong><\/p><p>This new initiative is in line with our &quot;<span style=\"color: #002f87;\"><strong><a style=\"color: #002f87;\" href=\"https:\/\/lincet.3com-medias.com\/notre-demarche-lait-demain\/\">Lait Demain<\/a><\/strong><\/span>&quot; (Milk Tomorrow) approach, which involves taking action to ensure the environmental and social sustainability of our business. We are committed to passing on our company from generation to generation, to develop and nurture our entire ecosystem.<\/p>\t\t\t\t\t\t\t\t<\/div>\n\t\t\t\t<\/div>\n\t\t\t\t<div class=\"elementor-element elementor-element-1047464 elementor-widget elementor-widget-button\" data-id=\"1047464\" data-element_type=\"widget\" data-widget_type=\"button.default\">\n\t\t\t\t<div class=\"elementor-widget-container\">\n\t\t\t\t\t\t\t\t\t<div class=\"elementor-button-wrapper\">\n\t\t\t\t\t<a class=\"elementor-button elementor-button-link elementor-size-sm\" href=\"https:\/\/fromagerie-lincet.net\/en\/traditional-milk\/\">\n\t\t\t\t\t\t<span class=\"elementor-button-content-wrapper\">\n\t\t\t\t\t\t\t\t\t<span class=\"elementor-button-text\">Find out more about our Traditional Milk<\/span>\n\t\t\t\t\t<\/span>\n\t\t\t\t\t<\/a>\n\t\t\t\t<\/div>\n\t\t\t\t\t\t\t\t<\/div>\n\t\t\t\t<\/div>\n\t\t\t\t<\/div>\n\t\t<div class=\"elementor-element elementor-element-c0c23b4 e-con-full e-flex e-con e-child\" data-id=\"c0c23b4\" data-element_type=\"container\" data-settings=\"{&quot;background_background&quot;:&quot;classic&quot;}\">\n\t\t\t\t<div class=\"elementor-element elementor-element-ea0cedd elementor-widget elementor-widget-image\" data-id=\"ea0cedd\" data-element_type=\"widget\" data-widget_type=\"image.default\">\n\t\t\t\t<div class=\"elementor-widget-container\">\n\t\t\t\t\t\t\t\t\t\t\t\t\t\t\t<img loading=\"lazy\" decoding=\"async\" width=\"767\" height=\"1024\" src=\"https:\/\/fromagerie-lincet.net\/wp-content\/uploads\/2024\/09\/LAIT-DE-TRADITION-767x1024.jpg\" class=\"attachment-large size-large wp-image-4149\" alt=\"Une brique de lait Lincet est pos\u00e9e sur une table en bois, \u00e0 c\u00f4t\u00e9 d&#039;un verre de lait plein. Des l\u00e9gumes frais, comme de la laitue et des tomates, sont \u00e9parpill\u00e9s. On aper\u00e7oit \u00e9galement une miche de pain et une serviette bleue pli\u00e9e. La sc\u00e8ne se d\u00e9roule dans une cuisine lumineuse.\" srcset=\"https:\/\/fromagerie-lincet.net\/wp-content\/uploads\/2024\/09\/LAIT-DE-TRADITION-767x1024.jpg 767w, https:\/\/fromagerie-lincet.net\/wp-content\/uploads\/2024\/09\/LAIT-DE-TRADITION-225x300.jpg 225w, https:\/\/fromagerie-lincet.net\/wp-content\/uploads\/2024\/09\/LAIT-DE-TRADITION-768x1025.jpg 768w, https:\/\/fromagerie-lincet.net\/wp-content\/uploads\/2024\/09\/LAIT-DE-TRADITION-1151x1536.jpg 1151w, https:\/\/fromagerie-lincet.net\/wp-content\/uploads\/2024\/09\/LAIT-DE-TRADITION.jpg 1250w\" sizes=\"(max-width: 767px) 100vw, 767px\" \/>\t\t\t\t\t\t\t\t\t\t\t\t\t\t\t<\/div>\n\t\t\t\t<\/div>\n\t\t\t\t<\/div>\n\t\t\t\t\t<\/div>\n\t\t\t\t<\/div>\n\t\t<div class=\"elementor-element elementor-element-d771344 e-flex e-con-boxed e-con e-parent\" data-id=\"d771344\" data-element_type=\"container\">\n\t\t\t\t\t<div class=\"e-con-inner\">\n\t\t\t\t<div class=\"elementor-element elementor-element-c1f819e elementor-widget elementor-widget-button\" data-id=\"c1f819e\" data-element_type=\"widget\" data-widget_type=\"button.default\">\n\t\t\t\t<div class=\"elementor-widget-container\">\n\t\t\t\t\t\t\t\t\t<div class=\"elementor-button-wrapper\">\n\t\t\t\t\t<a class=\"elementor-button elementor-button-link elementor-size-sm\" href=\"https:\/\/fromagerie-lincet.net\/en\/our-cheeses\/\">\n\t\t\t\t\t\t<span class=\"elementor-button-content-wrapper\">\n\t\t\t\t\t\t\t\t\t<span class=\"elementor-button-text\">See our cheeses<\/span>\n\t\t\t\t\t<\/span>\n\t\t\t\t\t<\/a>\n\t\t\t\t<\/div>\n\t\t\t\t\t\t\t\t<\/div>\n\t\t\t\t<\/div>\n\t\t\t\t\t<\/div>\n\t\t\t\t<\/div>\n\t\t<div class=\"elementor-element elementor-element-e607f36 e-flex e-con-boxed e-con e-parent\" data-id=\"e607f36\" data-element_type=\"container\">\n\t\t\t\t\t<div class=\"e-con-inner\">\n\t\t\t\t\t<\/div>\n\t\t\t\t<\/div>\n\t\t\t\t<\/div>\n\t\t","protected":false},"excerpt":{"rendered":"<p>Keeping the business and family values alive Preserving family values and passing them on from generation to generation Promoting practices and know-how to ensure the renewal of cheese-makers Improving consumption and waste control in our production sites Giving visibility to our cheeses and to the company overall Lincet traditional milk: milk with a mission! Around [&hellip;]<\/p>\n","protected":false},"author":1,"featured_media":0,"parent":0,"menu_order":0,"comment_status":"closed","ping_status":"closed","template":"elementor_header_footer","meta":{"_acf_changed":false,"_seopress_robots_primary_cat":"","_seopress_titles_title":"","_seopress_titles_desc":"","_seopress_robots_index":"","footnotes":""},"class_list":["post-4384","page","type-page","status-publish","hentry"],"acf":[],"_links":{"self":[{"href":"https:\/\/fromagerie-lincet.net\/en\/wp-json\/wp\/v2\/pages\/4384","targetHints":{"allow":["GET"]}}],"collection":[{"href":"https:\/\/fromagerie-lincet.net\/en\/wp-json\/wp\/v2\/pages"}],"about":[{"href":"https:\/\/fromagerie-lincet.net\/en\/wp-json\/wp\/v2\/types\/page"}],"author":[{"embeddable":true,"href":"https:\/\/fromagerie-lincet.net\/en\/wp-json\/wp\/v2\/users\/1"}],"replies":[{"embeddable":true,"href":"https:\/\/fromagerie-lincet.net\/en\/wp-json\/wp\/v2\/comments?post=4384"}],"version-history":[{"count":2,"href":"https:\/\/fromagerie-lincet.net\/en\/wp-json\/wp\/v2\/pages\/4384\/revisions"}],"predecessor-version":[{"id":4882,"href":"https:\/\/fromagerie-lincet.net\/en\/wp-json\/wp\/v2\/pages\/4384\/revisions\/4882"}],"wp:attachment":[{"href":"https:\/\/fromagerie-lincet.net\/en\/wp-json\/wp\/v2\/media?parent=4384"}],"curies":[{"name":"wp","href":"https:\/\/api.w.org\/{rel}","templated":true}]}}