{"id":4386,"date":"2024-09-11T13:30:09","date_gmt":"2024-09-11T11:30:09","guid":{"rendered":"https:\/\/fromagerie-lincet.net\/environment\/"},"modified":"2025-11-14T11:12:33","modified_gmt":"2025-11-14T10:12:33","slug":"environment","status":"publish","type":"page","link":"https:\/\/fromagerie-lincet.net\/en\/environment\/","title":{"rendered":"Environment"},"content":{"rendered":"\t\t<div data-elementor-type=\"wp-page\" data-elementor-id=\"4386\" class=\"elementor elementor-4386 elementor-841\" data-elementor-post-type=\"page\">\n\t\t\t\t<div class=\"elementor-element elementor-element-95ccb67 e-flex e-con-boxed e-con e-parent\" data-id=\"95ccb67\" data-element_type=\"container\" data-settings=\"{&quot;background_background&quot;:&quot;classic&quot;}\">\n\t\t\t\t\t<div class=\"e-con-inner\">\n\t\t<div class=\"elementor-element elementor-element-60b5050 e-con-full e-flex e-con e-child\" data-id=\"60b5050\" data-element_type=\"container\" data-settings=\"{&quot;background_background&quot;:&quot;classic&quot;}\">\n\t\t\t\t<div class=\"elementor-element elementor-element-c7ebcfc elementor-widget-divider--view-line elementor-widget elementor-widget-divider\" data-id=\"c7ebcfc\" data-element_type=\"widget\" data-widget_type=\"divider.default\">\n\t\t\t\t<div class=\"elementor-widget-container\">\n\t\t\t\t\t\t\t<div class=\"elementor-divider\">\n\t\t\t<span class=\"elementor-divider-separator\">\n\t\t\t\t\t\t<\/span>\n\t\t<\/div>\n\t\t\t\t\t\t<\/div>\n\t\t\t\t<\/div>\n\t\t\t\t<div class=\"elementor-element elementor-element-4a47fda elementor-widget elementor-widget-text-editor\" data-id=\"4a47fda\" data-element_type=\"widget\" data-widget_type=\"text-editor.default\">\n\t\t\t\t<div class=\"elementor-widget-container\">\n\t\t\t\t\t\t\t\t\t<p>Preserving our local lands, an alliance between man and territory<\/p>\t\t\t\t\t\t\t\t<\/div>\n\t\t\t\t<\/div>\n\t\t\t\t<\/div>\n\t\t\t\t\t<\/div>\n\t\t\t\t<\/div>\n\t\t<div class=\"elementor-element elementor-element-f96dc12 e-flex e-con-boxed e-con e-parent\" data-id=\"f96dc12\" data-element_type=\"container\">\n\t\t\t\t\t<div class=\"e-con-inner\">\n\t\t<div class=\"elementor-element elementor-element-b44c1ec e-con-full e-flex e-con e-child\" data-id=\"b44c1ec\" data-element_type=\"container\">\n\t\t\t\t<div class=\"elementor-element elementor-element-94cfc7b elementor-widget elementor-widget-image\" data-id=\"94cfc7b\" data-element_type=\"widget\" data-widget_type=\"image.default\">\n\t\t\t\t<div class=\"elementor-widget-container\">\n\t\t\t\t\t\t\t\t\t\t\t\t\t\t\t<img fetchpriority=\"high\" decoding=\"async\" width=\"800\" height=\"600\" src=\"https:\/\/fromagerie-lincet.net\/wp-content\/uploads\/2024\/09\/IMG_2134-1024x768.jpg\" class=\"attachment-large size-large wp-image-4088\" alt=\"Trois vaches se tiennent dans un champ herbeux, sous un ciel d\u00e9gag\u00e9. Leur robe est brun clair et elles portent des boucles d&#039;oreilles. Un arbre solitaire appara\u00eet \u00e0 l&#039;arri\u00e8re-plan, sur fond d&#039;herbe verte et de quelques nuages.\" srcset=\"https:\/\/fromagerie-lincet.net\/wp-content\/uploads\/2024\/09\/IMG_2134-1024x768.jpg 1024w, https:\/\/fromagerie-lincet.net\/wp-content\/uploads\/2024\/09\/IMG_2134-300x225.jpg 300w, https:\/\/fromagerie-lincet.net\/wp-content\/uploads\/2024\/09\/IMG_2134-768x576.jpg 768w, https:\/\/fromagerie-lincet.net\/wp-content\/uploads\/2024\/09\/IMG_2134-1536x1152.jpg 1536w, https:\/\/fromagerie-lincet.net\/wp-content\/uploads\/2024\/09\/IMG_2134-2048x1536.jpg 2048w\" sizes=\"(max-width: 800px) 100vw, 800px\" \/>\t\t\t\t\t\t\t\t\t\t\t\t\t\t\t<\/div>\n\t\t\t\t<\/div>\n\t\t\t\t<\/div>\n\t\t<div class=\"elementor-element elementor-element-837ff14 e-con-full e-flex e-con e-child\" data-id=\"837ff14\" data-element_type=\"container\">\n\t\t\t\t<div class=\"elementor-element elementor-element-a6e822e elementor-position-left elementor-vertical-align-middle elementor-widget elementor-widget-image-box\" data-id=\"a6e822e\" data-element_type=\"widget\" data-widget_type=\"image-box.default\">\n\t\t\t\t<div class=\"elementor-widget-container\">\n\t\t\t\t\t<div class=\"elementor-image-box-wrapper\"><figure class=\"elementor-image-box-img\"><img alt=\"\" decoding=\"async\" width=\"500\" height=\"500\" src=\"https:\/\/fromagerie-lincet.net\/wp-content\/uploads\/2025\/02\/recyclage.webp\" class=\"attachment-full size-full wp-image-2558\" alt=\"\" srcset=\"https:\/\/fromagerie-lincet.net\/wp-content\/uploads\/2025\/02\/recyclage.webp 500w, https:\/\/fromagerie-lincet.net\/wp-content\/uploads\/2025\/02\/recyclage-300x300.webp 300w, https:\/\/fromagerie-lincet.net\/wp-content\/uploads\/2025\/02\/recyclage-150x150.webp 150w\" sizes=\"(max-width: 500px) 100vw, 500px\" \/><\/figure><div class=\"elementor-image-box-content\"><p class=\"elementor-image-box-description\"><strong>Improving consumption and waste control<\/strong> in our production sites  <\/p><\/div><\/div>\t\t\t\t<\/div>\n\t\t\t\t<\/div>\n\t\t\t\t<div class=\"elementor-element elementor-element-e587fea elementor-position-left elementor-vertical-align-middle elementor-widget elementor-widget-image-box\" data-id=\"e587fea\" data-element_type=\"widget\" data-widget_type=\"image-box.default\">\n\t\t\t\t<div class=\"elementor-widget-container\">\n\t\t\t\t\t<div class=\"elementor-image-box-wrapper\"><figure class=\"elementor-image-box-img\"><img alt=\"\" decoding=\"async\" width=\"500\" height=\"500\" src=\"https:\/\/fromagerie-lincet.net\/wp-content\/uploads\/2025\/02\/ferme.webp\" class=\"attachment-full size-full wp-image-2554\" alt=\"\" srcset=\"https:\/\/fromagerie-lincet.net\/wp-content\/uploads\/2025\/02\/ferme.webp 500w, https:\/\/fromagerie-lincet.net\/wp-content\/uploads\/2025\/02\/ferme-300x300.webp 300w, https:\/\/fromagerie-lincet.net\/wp-content\/uploads\/2025\/02\/ferme-150x150.webp 150w\" sizes=\"(max-width: 500px) 100vw, 500px\" \/><\/figure><div class=\"elementor-image-box-content\"><p class=\"elementor-image-box-description\">Contributing to<strong> the maintenance of farms <\/strong>and the handing over to young generations <\/p><\/div><\/div>\t\t\t\t<\/div>\n\t\t\t\t<\/div>\n\t\t\t\t<div class=\"elementor-element elementor-element-0336c93 elementor-position-left elementor-vertical-align-middle elementor-widget elementor-widget-image-box\" data-id=\"0336c93\" data-element_type=\"widget\" data-widget_type=\"image-box.default\">\n\t\t\t\t<div class=\"elementor-widget-container\">\n\t\t\t\t\t<div class=\"elementor-image-box-wrapper\"><figure class=\"elementor-image-box-img\"><img alt=\"\" loading=\"lazy\" decoding=\"async\" width=\"500\" height=\"500\" src=\"https:\/\/fromagerie-lincet.net\/wp-content\/uploads\/2025\/02\/amelioration-vache.webp\" class=\"attachment-full size-full wp-image-2549\" alt=\"\" srcset=\"https:\/\/fromagerie-lincet.net\/wp-content\/uploads\/2025\/02\/amelioration-vache.webp 500w, https:\/\/fromagerie-lincet.net\/wp-content\/uploads\/2025\/02\/amelioration-vache-300x300.webp 300w, https:\/\/fromagerie-lincet.net\/wp-content\/uploads\/2025\/02\/amelioration-vache-150x150.webp 150w\" sizes=\"(max-width: 500px) 100vw, 500px\" \/><\/figure><div class=\"elementor-image-box-content\"><p class=\"elementor-image-box-description\"><strong>Supporting sustainable livestock farming<\/strong> alongside our milk producers <\/p><\/div><\/div>\t\t\t\t<\/div>\n\t\t\t\t<\/div>\n\t\t\t\t<div class=\"elementor-element elementor-element-0db811a elementor-position-left elementor-vertical-align-middle elementor-widget elementor-widget-image-box\" data-id=\"0db811a\" data-element_type=\"widget\" data-widget_type=\"image-box.default\">\n\t\t\t\t<div class=\"elementor-widget-container\">\n\t\t\t\t\t<div class=\"elementor-image-box-wrapper\"><figure class=\"elementor-image-box-img\"><img loading=\"lazy\" decoding=\"async\" width=\"1501\" height=\"1500\" src=\"https:\/\/fromagerie-lincet.net\/wp-content\/uploads\/2025\/02\/FeanceL.png\" class=\"attachment-full size-full wp-image-3660\" alt=\"Carte de la France avec le L du logo Lincet plac\u00e9 \u00e0 l&#039;est\" srcset=\"https:\/\/fromagerie-lincet.net\/wp-content\/uploads\/2025\/02\/FeanceL.png 1501w, https:\/\/fromagerie-lincet.net\/wp-content\/uploads\/2025\/02\/FeanceL-300x300.png 300w, https:\/\/fromagerie-lincet.net\/wp-content\/uploads\/2025\/02\/FeanceL-1024x1024.png 1024w, https:\/\/fromagerie-lincet.net\/wp-content\/uploads\/2025\/02\/FeanceL-150x150.png 150w, https:\/\/fromagerie-lincet.net\/wp-content\/uploads\/2025\/02\/FeanceL-768x767.png 768w\" sizes=\"(max-width: 1501px) 100vw, 1501px\" \/><\/figure><div class=\"elementor-image-box-content\"><p class=\"elementor-image-box-description\"><strong>Promoting our local lands <\/strong> and the PDO\/PGI cheese supply chain <\/p><\/div><\/div>\t\t\t\t<\/div>\n\t\t\t\t<\/div>\n\t\t\t\t<div class=\"elementor-element elementor-element-0e9c004 elementor-position-left elementor-vertical-align-middle elementor-widget elementor-widget-image-box\" data-id=\"0e9c004\" data-element_type=\"widget\" data-widget_type=\"image-box.default\">\n\t\t\t\t<div class=\"elementor-widget-container\">\n\t\t\t\t\t<div class=\"elementor-image-box-wrapper\"><figure class=\"elementor-image-box-img\"><img alt=\"\" loading=\"lazy\" decoding=\"async\" width=\"500\" height=\"500\" src=\"https:\/\/fromagerie-lincet.net\/wp-content\/uploads\/2025\/02\/Environnement.webp\" class=\"attachment-full size-full wp-image-2553\" alt=\"\" srcset=\"https:\/\/fromagerie-lincet.net\/wp-content\/uploads\/2025\/02\/Environnement.webp 500w, https:\/\/fromagerie-lincet.net\/wp-content\/uploads\/2025\/02\/Environnement-300x300.webp 300w, https:\/\/fromagerie-lincet.net\/wp-content\/uploads\/2025\/02\/Environnement-150x150.webp 150w\" sizes=\"(max-width: 500px) 100vw, 500px\" \/><\/figure><div class=\"elementor-image-box-content\"><p class=\"elementor-image-box-description\">Promoting <strong>greener growth<\/strong> using innovation tools<\/p><\/div><\/div>\t\t\t\t<\/div>\n\t\t\t\t<\/div>\n\t\t\t\t<\/div>\n\t\t\t\t\t<\/div>\n\t\t\t\t<\/div>\n\t\t<div class=\"elementor-element elementor-element-44edc91 e-flex e-con-boxed e-con e-parent\" data-id=\"44edc91\" data-element_type=\"container\">\n\t\t\t\t\t<div class=\"e-con-inner\">\n\t\t<div class=\"elementor-element elementor-element-2f96035 e-con-full e-flex e-con e-child\" data-id=\"2f96035\" data-element_type=\"container\">\n\t\t\t\t<div class=\"elementor-element elementor-element-0f51b6c elementor-widget elementor-widget-text-editor\" data-id=\"0f51b6c\" data-element_type=\"widget\" data-widget_type=\"text-editor.default\">\n\t\t\t\t<div class=\"elementor-widget-container\">\n\t\t\t\t\t\t\t\t\t<h2>Limiting our environmental impact<\/h2>\t\t\t\t\t\t\t\t<\/div>\n\t\t\t\t<\/div>\n\t\t\t\t<div class=\"elementor-element elementor-element-1e9be26 elementor-position-left elementor-vertical-align-top elementor-widget elementor-widget-image-box\" data-id=\"1e9be26\" data-element_type=\"widget\" data-widget_type=\"image-box.default\">\n\t\t\t\t<div class=\"elementor-widget-container\">\n\t\t\t\t\t<div class=\"elementor-image-box-wrapper\"><figure class=\"elementor-image-box-img\"><img loading=\"lazy\" decoding=\"async\" width=\"1502\" height=\"1502\" src=\"https:\/\/fromagerie-lincet.net\/wp-content\/uploads\/2025\/02\/Camion1500x.webp\" class=\"attachment-full size-full wp-image-2888\" alt=\"Le dessin d&#039;un camion citerne Lincet.\" srcset=\"https:\/\/fromagerie-lincet.net\/wp-content\/uploads\/2025\/02\/Camion1500x.webp 1502w, https:\/\/fromagerie-lincet.net\/wp-content\/uploads\/2025\/02\/Camion1500x-300x300.webp 300w, https:\/\/fromagerie-lincet.net\/wp-content\/uploads\/2025\/02\/Camion1500x-1024x1024.webp 1024w, https:\/\/fromagerie-lincet.net\/wp-content\/uploads\/2025\/02\/Camion1500x-150x150.webp 150w, https:\/\/fromagerie-lincet.net\/wp-content\/uploads\/2025\/02\/Camion1500x-768x768.webp 768w\" sizes=\"(max-width: 1502px) 100vw, 1502px\" \/><\/figure><div class=\"elementor-image-box-content\"><p class=\"elementor-image-box-description\">The decision to build <strong>our own logistics platform,<\/strong> shared with other SMEs, has likewise improved our <strong>carbon footprint.<\/strong><\/p><\/div><\/div>\t\t\t\t<\/div>\n\t\t\t\t<\/div>\n\t\t\t\t<div class=\"elementor-element elementor-element-c93022a elementor-position-left elementor-vertical-align-top elementor-widget elementor-widget-image-box\" data-id=\"c93022a\" data-element_type=\"widget\" data-widget_type=\"image-box.default\">\n\t\t\t\t<div class=\"elementor-widget-container\">\n\t\t\t\t\t<div class=\"elementor-image-box-wrapper\"><figure class=\"elementor-image-box-img\"><img alt=\"\" loading=\"lazy\" decoding=\"async\" width=\"500\" height=\"500\" src=\"https:\/\/fromagerie-lincet.net\/wp-content\/uploads\/2025\/02\/Eau.webp\" class=\"attachment-full size-full wp-image-2551\" alt=\"\" srcset=\"https:\/\/fromagerie-lincet.net\/wp-content\/uploads\/2025\/02\/Eau.webp 500w, https:\/\/fromagerie-lincet.net\/wp-content\/uploads\/2025\/02\/Eau-300x300.webp 300w, https:\/\/fromagerie-lincet.net\/wp-content\/uploads\/2025\/02\/Eau-150x150.webp 150w\" sizes=\"(max-width: 500px) 100vw, 500px\" \/><\/figure><div class=\"elementor-image-box-content\"><p class=\"elementor-image-box-description\">Since 1990, each of our cheese dairies has been monitoring its water and energy consumption on a monthly basis, with yearly targets to be reached. Today, after 25 years of strategy, we have succeeded in <strong>reducing our water consumption<\/strong> by 33%, our gas consumption <strong><\/strong> by 70% and our electricity consumption <strong><\/strong> by 10% per kilogram of cheese, thanks to a number of initiatives: low-energy lighting on our sites, installation of photovoltaic panels on our lagoons, raising awareness with employees...<\/p><\/div><\/div>\t\t\t\t<\/div>\n\t\t\t\t<\/div>\n\t\t\t\t<div class=\"elementor-element elementor-element-f0cdd13 elementor-widget elementor-widget-button\" data-id=\"f0cdd13\" data-element_type=\"widget\" data-widget_type=\"button.default\">\n\t\t\t\t<div class=\"elementor-widget-container\">\n\t\t\t\t\t\t\t\t\t<div class=\"elementor-button-wrapper\">\n\t\t\t\t\t<a class=\"elementor-button elementor-button-link elementor-size-sm\" href=\"https:\/\/fromagerie-lincet.net\/en\/our-lait-demain-milk-tomorrow-initiative\/\">\n\t\t\t\t\t\t<span class=\"elementor-button-content-wrapper\">\n\t\t\t\t\t\t\t\t\t<span class=\"elementor-button-text\">Learn about our &quot;Lait Demain&quot; (Milk Tomorrow) initiative<\/span>\n\t\t\t\t\t<\/span>\n\t\t\t\t\t<\/a>\n\t\t\t\t<\/div>\n\t\t\t\t\t\t\t\t<\/div>\n\t\t\t\t<\/div>\n\t\t\t\t<\/div>\n\t\t<div class=\"elementor-element elementor-element-7a8098b e-con-full e-flex e-con e-child\" data-id=\"7a8098b\" data-element_type=\"container\">\n\t\t\t\t<div class=\"elementor-element elementor-element-dc8cd15 elementor-widget elementor-widget-image\" data-id=\"dc8cd15\" data-element_type=\"widget\" data-widget_type=\"image.default\">\n\t\t\t\t<div class=\"elementor-widget-container\">\n\t\t\t\t\t\t\t\t\t\t\t\t\t\t\t<img loading=\"lazy\" decoding=\"async\" width=\"800\" height=\"533\" src=\"https:\/\/fromagerie-lincet.net\/wp-content\/uploads\/2024\/09\/ENVIRONNEMENT-1024x682.jpg\" class=\"attachment-large size-large wp-image-4144\" alt=\"Des rang\u00e9es de casiers m\u00e9talliques garnis de meules de fromage s&#039;alignent dans un entrep\u00f4t lumineux au sol beige et aux murs blancs. Les casiers s&#039;\u00e9tendent \u00e0 perte de vue, sugg\u00e9rant un processus d&#039;affinage de fromages en cours.\" srcset=\"https:\/\/fromagerie-lincet.net\/wp-content\/uploads\/2024\/09\/ENVIRONNEMENT-1024x682.jpg 1024w, https:\/\/fromagerie-lincet.net\/wp-content\/uploads\/2024\/09\/ENVIRONNEMENT-300x200.jpg 300w, https:\/\/fromagerie-lincet.net\/wp-content\/uploads\/2024\/09\/ENVIRONNEMENT-768x512.jpg 768w, https:\/\/fromagerie-lincet.net\/wp-content\/uploads\/2024\/09\/ENVIRONNEMENT.jpg 1250w\" sizes=\"(max-width: 800px) 100vw, 800px\" \/>\t\t\t\t\t\t\t\t\t\t\t\t\t\t\t<\/div>\n\t\t\t\t<\/div>\n\t\t\t\t<\/div>\n\t\t\t\t\t<\/div>\n\t\t\t\t<\/div>\n\t\t<div class=\"elementor-element elementor-element-a8ff8de e-flex e-con-boxed e-con e-parent\" data-id=\"a8ff8de\" data-element_type=\"container\">\n\t\t\t\t\t<div class=\"e-con-inner\">\n\t\t<div class=\"elementor-element elementor-element-a87e754 e-con-full e-flex e-con e-child\" data-id=\"a87e754\" data-element_type=\"container\">\n\t\t\t\t<div class=\"elementor-element elementor-element-8789170 elementor-widget elementor-widget-image\" data-id=\"8789170\" data-element_type=\"widget\" data-widget_type=\"image.default\">\n\t\t\t\t<div class=\"elementor-widget-container\">\n\t\t\t\t\t\t\t\t\t\t\t\t\t\t\t<img loading=\"lazy\" decoding=\"async\" width=\"800\" height=\"600\" src=\"https:\/\/fromagerie-lincet.net\/wp-content\/uploads\/2024\/09\/IMG_9453-1024x768.jpg\" class=\"attachment-large size-large wp-image-4090\" alt=\"Une sc\u00e8ne sereine d&#039;un champ herbeux o\u00f9 paissent des vaches sous un ciel partiellement nuageux. Le soleil est bas, projetant une douce lueur sur le paysage. Des arbres bordent l&#039;horizon en arri\u00e8re-plan.\" srcset=\"https:\/\/fromagerie-lincet.net\/wp-content\/uploads\/2024\/09\/IMG_9453-1024x768.jpg 1024w, https:\/\/fromagerie-lincet.net\/wp-content\/uploads\/2024\/09\/IMG_9453-300x225.jpg 300w, https:\/\/fromagerie-lincet.net\/wp-content\/uploads\/2024\/09\/IMG_9453-768x576.jpg 768w, https:\/\/fromagerie-lincet.net\/wp-content\/uploads\/2024\/09\/IMG_9453-1536x1152.jpg 1536w, https:\/\/fromagerie-lincet.net\/wp-content\/uploads\/2024\/09\/IMG_9453-2048x1536.jpg 2048w\" sizes=\"(max-width: 800px) 100vw, 800px\" \/>\t\t\t\t\t\t\t\t\t\t\t\t\t\t\t<\/div>\n\t\t\t\t<\/div>\n\t\t\t\t<\/div>\n\t\t<div class=\"elementor-element elementor-element-f05393b e-con-full e-flex e-con e-child\" data-id=\"f05393b\" data-element_type=\"container\">\n\t\t\t\t<div class=\"elementor-element elementor-element-27ae13a elementor-widget elementor-widget-text-editor\" data-id=\"27ae13a\" data-element_type=\"widget\" data-widget_type=\"text-editor.default\">\n\t\t\t\t<div class=\"elementor-widget-container\">\n\t\t\t\t\t\t\t\t\t<h2>Our local anchoring: a lasting commitment<\/h2><p><strong>At Lincet, our dedication to the Burgundy and Champagne regions is at the heart of our environmental approach.<\/strong><\/p><p>For generations, we have worked closely with local producers to <strong>collect quality milk from farms located close to our manufacturing sites<\/strong>. This local anchoring <strong>reduces the environmental impact of transport,<\/strong> while promoting the local economy.<\/p><p>We are committed to preserving our region\u2019s biodiversity and landscapes by promoting environmentally-friendly farming practices.<\/p><p><strong>Our goal:<\/strong> to continue making outstanding cheeses while protecting natural resources and contributing to the sustainable development of our regions.<\/p>\t\t\t\t\t\t\t\t<\/div>\n\t\t\t\t<\/div>\n\t\t\t\t<\/div>\n\t\t\t\t\t<\/div>\n\t\t\t\t<\/div>\n\t\t<div class=\"elementor-element elementor-element-27d8d09 e-flex e-con-boxed e-con e-parent\" data-id=\"27d8d09\" data-element_type=\"container\">\n\t\t\t\t\t<div class=\"e-con-inner\">\n\t\t\t\t<div class=\"elementor-element elementor-element-788b654 elementor-widget elementor-widget-button\" data-id=\"788b654\" data-element_type=\"widget\" data-widget_type=\"button.default\">\n\t\t\t\t<div class=\"elementor-widget-container\">\n\t\t\t\t\t\t\t\t\t<div class=\"elementor-button-wrapper\">\n\t\t\t\t\t<a class=\"elementor-button elementor-button-link elementor-size-sm\" href=\"https:\/\/fromagerie-lincet.net\/en\/economy\/\">\n\t\t\t\t\t\t<span class=\"elementor-button-content-wrapper\">\n\t\t\t\t\t\t\t\t\t<span class=\"elementor-button-text\">Learn about our economic approach<\/span>\n\t\t\t\t\t<\/span>\n\t\t\t\t\t<\/a>\n\t\t\t\t<\/div>\n\t\t\t\t\t\t\t\t<\/div>\n\t\t\t\t<\/div>\n\t\t\t\t\t<\/div>\n\t\t\t\t<\/div>\n\t\t<div class=\"elementor-element elementor-element-cfa1160 e-flex e-con-boxed e-con e-parent\" data-id=\"cfa1160\" data-element_type=\"container\">\n\t\t\t\t\t<div class=\"e-con-inner\">\n\t\t\t\t\t<\/div>\n\t\t\t\t<\/div>\n\t\t\t\t<\/div>\n\t\t","protected":false},"excerpt":{"rendered":"<p>Preserving our local lands, an alliance between man and territory Improving consumption and waste control in our production sites Contributing to the maintenance of farms and the handing over to young generations Supporting sustainable livestock farming alongside our milk producers Promoting our local lands and the PDO\/PGI cheese supply chain Promoting greener growth using innovation [&hellip;]<\/p>\n","protected":false},"author":1,"featured_media":0,"parent":0,"menu_order":0,"comment_status":"closed","ping_status":"closed","template":"elementor_header_footer","meta":{"_acf_changed":false,"_seopress_robots_primary_cat":"","_seopress_titles_title":"","_seopress_titles_desc":"","_seopress_robots_index":"","footnotes":""},"class_list":["post-4386","page","type-page","status-publish","hentry"],"acf":[],"_links":{"self":[{"href":"https:\/\/fromagerie-lincet.net\/en\/wp-json\/wp\/v2\/pages\/4386","targetHints":{"allow":["GET"]}}],"collection":[{"href":"https:\/\/fromagerie-lincet.net\/en\/wp-json\/wp\/v2\/pages"}],"about":[{"href":"https:\/\/fromagerie-lincet.net\/en\/wp-json\/wp\/v2\/types\/page"}],"author":[{"embeddable":true,"href":"https:\/\/fromagerie-lincet.net\/en\/wp-json\/wp\/v2\/users\/1"}],"replies":[{"embeddable":true,"href":"https:\/\/fromagerie-lincet.net\/en\/wp-json\/wp\/v2\/comments?post=4386"}],"version-history":[{"count":2,"href":"https:\/\/fromagerie-lincet.net\/en\/wp-json\/wp\/v2\/pages\/4386\/revisions"}],"predecessor-version":[{"id":4878,"href":"https:\/\/fromagerie-lincet.net\/en\/wp-json\/wp\/v2\/pages\/4386\/revisions\/4878"}],"wp:attachment":[{"href":"https:\/\/fromagerie-lincet.net\/en\/wp-json\/wp\/v2\/media?parent=4386"}],"curies":[{"name":"wp","href":"https:\/\/api.w.org\/{rel}","templated":true}]}}