{"id":4390,"date":"2024-09-11T13:29:32","date_gmt":"2024-09-11T11:29:32","guid":{"rendered":"https:\/\/fromagerie-lincet.net\/human-approach\/"},"modified":"2025-07-30T14:21:26","modified_gmt":"2025-07-30T12:21:26","slug":"human-approach","status":"publish","type":"page","link":"https:\/\/fromagerie-lincet.net\/en\/human-approach\/","title":{"rendered":"Human approach"},"content":{"rendered":"\t\t<div data-elementor-type=\"wp-page\" data-elementor-id=\"4390\" class=\"elementor elementor-4390 elementor-842\" data-elementor-post-type=\"page\">\n\t\t\t\t<div class=\"elementor-element elementor-element-94ab9f4 e-flex e-con-boxed e-con e-parent\" data-id=\"94ab9f4\" data-element_type=\"container\" data-settings=\"{&quot;background_background&quot;:&quot;classic&quot;}\">\n\t\t\t\t\t<div class=\"e-con-inner\">\n\t\t<div class=\"elementor-element elementor-element-a491d11 e-con-full e-flex e-con e-child\" data-id=\"a491d11\" data-element_type=\"container\" data-settings=\"{&quot;background_background&quot;:&quot;classic&quot;}\">\n\t\t\t\t<div class=\"elementor-element elementor-element-d602b5c elementor-widget-divider--view-line elementor-widget elementor-widget-divider\" data-id=\"d602b5c\" data-element_type=\"widget\" data-widget_type=\"divider.default\">\n\t\t\t\t<div class=\"elementor-widget-container\">\n\t\t\t\t\t\t\t<div class=\"elementor-divider\">\n\t\t\t<span class=\"elementor-divider-separator\">\n\t\t\t\t\t\t<\/span>\n\t\t<\/div>\n\t\t\t\t\t\t<\/div>\n\t\t\t\t<\/div>\n\t\t\t\t<div class=\"elementor-element elementor-element-fe64891 elementor-widget elementor-widget-text-editor\" data-id=\"fe64891\" data-element_type=\"widget\" data-widget_type=\"text-editor.default\">\n\t\t\t\t<div class=\"elementor-widget-container\">\n\t\t\t\t\t\t\t\t\t<p>Highlighting people and the transmission of know-how<\/p>\t\t\t\t\t\t\t\t<\/div>\n\t\t\t\t<\/div>\n\t\t\t\t<\/div>\n\t\t\t\t\t<\/div>\n\t\t\t\t<\/div>\n\t\t<div class=\"elementor-element elementor-element-6cf7c4d e-flex e-con-boxed e-con e-parent\" data-id=\"6cf7c4d\" data-element_type=\"container\">\n\t\t\t\t\t<div class=\"e-con-inner\">\n\t\t<div class=\"elementor-element elementor-element-ce4e512 e-con-full e-flex e-con e-child\" data-id=\"ce4e512\" data-element_type=\"container\" data-settings=\"{&quot;motion_fx_motion_fx_scrolling&quot;:&quot;yes&quot;,&quot;motion_fx_devices&quot;:[&quot;desktop&quot;,&quot;tablet&quot;,&quot;mobile&quot;]}\">\n\t\t\t\t<div class=\"elementor-element elementor-element-078e9f4 elementor-widget elementor-widget-image\" data-id=\"078e9f4\" data-element_type=\"widget\" data-widget_type=\"image.default\">\n\t\t\t\t<div class=\"elementor-widget-container\">\n\t\t\t\t\t\t\t\t\t\t\t\t\t\t\t<img fetchpriority=\"high\" decoding=\"async\" width=\"800\" height=\"533\" src=\"https:\/\/fromagerie-lincet.net\/wp-content\/uploads\/2024\/09\/Retourne-en-moules-1024x682.jpg\" class=\"attachment-large size-large wp-image-4079\" alt=\"Deux ouvriers en uniforme blanc et charlotte empilent des plateaux de fromage dans une usine de transformation laiti\u00e8re. La pi\u00e8ce est remplie de grandes piles de plateaux de fromages de diff\u00e9rentes couleurs, et les deux ouvriers manipulent ensemble un plateau gris.\" srcset=\"https:\/\/fromagerie-lincet.net\/wp-content\/uploads\/2024\/09\/Retourne-en-moules-1024x682.jpg 1024w, https:\/\/fromagerie-lincet.net\/wp-content\/uploads\/2024\/09\/Retourne-en-moules-300x200.jpg 300w, https:\/\/fromagerie-lincet.net\/wp-content\/uploads\/2024\/09\/Retourne-en-moules-768x511.jpg 768w, https:\/\/fromagerie-lincet.net\/wp-content\/uploads\/2024\/09\/Retourne-en-moules-1536x1022.jpg 1536w, https:\/\/fromagerie-lincet.net\/wp-content\/uploads\/2024\/09\/Retourne-en-moules-2048x1363.jpg 2048w\" sizes=\"(max-width: 800px) 100vw, 800px\" \/>\t\t\t\t\t\t\t\t\t\t\t\t\t\t\t<\/div>\n\t\t\t\t<\/div>\n\t\t\t\t<\/div>\n\t\t<div class=\"elementor-element elementor-element-c6c88e5 e-con-full e-flex e-con e-child\" data-id=\"c6c88e5\" data-element_type=\"container\">\n\t\t\t\t<div class=\"elementor-element elementor-element-8b85cff elementor-position-left elementor-vertical-align-middle elementor-widget elementor-widget-image-box\" data-id=\"8b85cff\" data-element_type=\"widget\" data-widget_type=\"image-box.default\">\n\t\t\t\t<div class=\"elementor-widget-container\">\n\t\t\t\t\t<div class=\"elementor-image-box-wrapper\"><figure class=\"elementor-image-box-img\"><img alt=\"\" decoding=\"async\" width=\"500\" height=\"501\" src=\"https:\/\/fromagerie-lincet.net\/wp-content\/uploads\/2025\/02\/couteausuisse.webp\" class=\"attachment-full size-full wp-image-2536\" alt=\"\" srcset=\"https:\/\/fromagerie-lincet.net\/wp-content\/uploads\/2025\/02\/couteausuisse.webp 500w, https:\/\/fromagerie-lincet.net\/wp-content\/uploads\/2025\/02\/couteausuisse-300x300.webp 300w, https:\/\/fromagerie-lincet.net\/wp-content\/uploads\/2025\/02\/couteausuisse-150x150.webp 150w\" sizes=\"(max-width: 500px) 100vw, 500px\" \/><\/figure><div class=\"elementor-image-box-content\"><p class=\"elementor-image-box-description\"><strong>Cultivating the versatility<\/strong> of our employees by sharing their individual expertise<\/p><\/div><\/div>\t\t\t\t<\/div>\n\t\t\t\t<\/div>\n\t\t\t\t<div class=\"elementor-element elementor-element-3e47f0e elementor-position-left elementor-vertical-align-middle elementor-widget elementor-widget-image-box\" data-id=\"3e47f0e\" data-element_type=\"widget\" data-widget_type=\"image-box.default\">\n\t\t\t\t<div class=\"elementor-widget-container\">\n\t\t\t\t\t<div class=\"elementor-image-box-wrapper\"><figure class=\"elementor-image-box-img\"><img alt=\"\" decoding=\"async\" width=\"500\" height=\"501\" src=\"https:\/\/fromagerie-lincet.net\/wp-content\/uploads\/2025\/02\/tablier.webp\" class=\"attachment-full size-full wp-image-2540\" alt=\"\" srcset=\"https:\/\/fromagerie-lincet.net\/wp-content\/uploads\/2025\/02\/tablier.webp 500w, https:\/\/fromagerie-lincet.net\/wp-content\/uploads\/2025\/02\/tablier-300x300.webp 300w, https:\/\/fromagerie-lincet.net\/wp-content\/uploads\/2025\/02\/tablier-150x150.webp 150w\" sizes=\"(max-width: 500px) 100vw, 500px\" \/><\/figure><div class=\"elementor-image-box-content\"><p class=\"elementor-image-box-description\"><strong> Training<\/strong> and creating a taste for the cheese-making profession<\/p><\/div><\/div>\t\t\t\t<\/div>\n\t\t\t\t<\/div>\n\t\t\t\t<div class=\"elementor-element elementor-element-e873fab elementor-position-left elementor-vertical-align-middle elementor-widget elementor-widget-image-box\" data-id=\"e873fab\" data-element_type=\"widget\" data-widget_type=\"image-box.default\">\n\t\t\t\t<div class=\"elementor-widget-container\">\n\t\t\t\t\t<div class=\"elementor-image-box-wrapper\"><figure class=\"elementor-image-box-img\"><img alt=\"\" loading=\"lazy\" decoding=\"async\" width=\"500\" height=\"501\" src=\"https:\/\/fromagerie-lincet.net\/wp-content\/uploads\/2025\/02\/ok.webp\" class=\"attachment-full size-full wp-image-2538\" alt=\"\" srcset=\"https:\/\/fromagerie-lincet.net\/wp-content\/uploads\/2025\/02\/ok.webp 500w, https:\/\/fromagerie-lincet.net\/wp-content\/uploads\/2025\/02\/ok-300x300.webp 300w, https:\/\/fromagerie-lincet.net\/wp-content\/uploads\/2025\/02\/ok-150x150.webp 150w\" sizes=\"(max-width: 500px) 100vw, 500px\" \/><\/figure><div class=\"elementor-image-box-content\"><p class=\"elementor-image-box-description\"><strong> Ensuring the safety <\/strong> and <strong>well-being <\/strong>of our employees in the workplace<\/p><\/div><\/div>\t\t\t\t<\/div>\n\t\t\t\t<\/div>\n\t\t\t\t<div class=\"elementor-element elementor-element-2f9989f elementor-position-left elementor-vertical-align-middle elementor-widget elementor-widget-image-box\" data-id=\"2f9989f\" data-element_type=\"widget\" data-widget_type=\"image-box.default\">\n\t\t\t\t<div class=\"elementor-widget-container\">\n\t\t\t\t\t<div class=\"elementor-image-box-wrapper\"><figure class=\"elementor-image-box-img\"><img alt=\"\" loading=\"lazy\" decoding=\"async\" width=\"500\" height=\"501\" src=\"https:\/\/fromagerie-lincet.net\/wp-content\/uploads\/2025\/02\/amelioration-.webp\" class=\"attachment-full size-full wp-image-2534\" alt=\"\" srcset=\"https:\/\/fromagerie-lincet.net\/wp-content\/uploads\/2025\/02\/amelioration-.webp 500w, https:\/\/fromagerie-lincet.net\/wp-content\/uploads\/2025\/02\/amelioration--300x300.webp 300w, https:\/\/fromagerie-lincet.net\/wp-content\/uploads\/2025\/02\/amelioration--150x150.webp 150w\" sizes=\"(max-width: 500px) 100vw, 500px\" \/><\/figure><div class=\"elementor-image-box-content\"><p class=\"elementor-image-box-description\">Raising awareness and involving all staff in a<strong> continuous improvement process<\/strong><\/p><\/div><\/div>\t\t\t\t<\/div>\n\t\t\t\t<\/div>\n\t\t\t\t<div class=\"elementor-element elementor-element-3da2bbf elementor-position-left elementor-vertical-align-middle elementor-widget elementor-widget-image-box\" data-id=\"3da2bbf\" data-element_type=\"widget\" data-widget_type=\"image-box.default\">\n\t\t\t\t<div class=\"elementor-widget-container\">\n\t\t\t\t\t<div class=\"elementor-image-box-wrapper\"><figure class=\"elementor-image-box-img\"><img alt=\"\" loading=\"lazy\" decoding=\"async\" width=\"500\" height=\"501\" src=\"https:\/\/fromagerie-lincet.net\/wp-content\/uploads\/2025\/02\/pouceenlair.webp\" class=\"attachment-full size-full wp-image-2539\" alt=\"\" srcset=\"https:\/\/fromagerie-lincet.net\/wp-content\/uploads\/2025\/02\/pouceenlair.webp 500w, https:\/\/fromagerie-lincet.net\/wp-content\/uploads\/2025\/02\/pouceenlair-300x300.webp 300w, https:\/\/fromagerie-lincet.net\/wp-content\/uploads\/2025\/02\/pouceenlair-150x150.webp 150w\" sizes=\"(max-width: 500px) 100vw, 500px\" \/><\/figure><div class=\"elementor-image-box-content\"><p class=\"elementor-image-box-description\"><strong>Listening to <\/strong>our employees and future recruits to better meet their expectations<\/p><\/div><\/div>\t\t\t\t<\/div>\n\t\t\t\t<\/div>\n\t\t\t\t<\/div>\n\t\t\t\t\t<\/div>\n\t\t\t\t<\/div>\n\t\t<div class=\"elementor-element elementor-element-111d006 e-flex e-con-boxed e-con e-parent\" data-id=\"111d006\" data-element_type=\"container\">\n\t\t\t\t\t<div class=\"e-con-inner\">\n\t\t<div class=\"elementor-element elementor-element-21ffe27 e-con-full e-flex e-con e-child\" data-id=\"21ffe27\" data-element_type=\"container\">\n\t\t\t\t<div class=\"elementor-element elementor-element-432f781 elementor-widget elementor-widget-text-editor\" data-id=\"432f781\" data-element_type=\"widget\" data-widget_type=\"text-editor.default\">\n\t\t\t\t<div class=\"elementor-widget-container\">\n\t\t\t\t\t\t\t\t\t<h2>A social commitment<\/h2><p>Professional integration is close to our hearts, which is one of the reasons why in 2018 we were <strong>certified by the Agefiph<\/strong> as meeting the legal requirements to employ people with disabilities.<br \/>We also use <strong>the ESAT in Sens<\/strong> for the employee communal garden maintenance, and for the purchase of office supplies.<\/p>\t\t\t\t\t\t\t\t<\/div>\n\t\t\t\t<\/div>\n\t\t\t\t<\/div>\n\t\t<div class=\"elementor-element elementor-element-d7280df e-con-full e-flex e-con e-child\" data-id=\"d7280df\" data-element_type=\"container\">\n\t\t\t\t<div class=\"elementor-element elementor-element-0d0a347 elementor-widget elementor-widget-image\" data-id=\"0d0a347\" data-element_type=\"widget\" data-widget_type=\"image.default\">\n\t\t\t\t<div class=\"elementor-widget-container\">\n\t\t\t\t\t\t\t\t\t\t\t\t\t\t\t<img loading=\"lazy\" decoding=\"async\" width=\"800\" height=\"533\" src=\"https:\/\/fromagerie-lincet.net\/wp-content\/uploads\/2024\/09\/Caillage-NB-1024x682.jpg\" class=\"attachment-large size-large wp-image-4074\" alt=\"Un personne en tenu hyg\u00e9nique de travail dans une all\u00e9e d&#039;une entreprise.\" srcset=\"https:\/\/fromagerie-lincet.net\/wp-content\/uploads\/2024\/09\/Caillage-NB-1024x682.jpg 1024w, https:\/\/fromagerie-lincet.net\/wp-content\/uploads\/2024\/09\/Caillage-NB-300x200.jpg 300w, https:\/\/fromagerie-lincet.net\/wp-content\/uploads\/2024\/09\/Caillage-NB-768x511.jpg 768w, https:\/\/fromagerie-lincet.net\/wp-content\/uploads\/2024\/09\/Caillage-NB-1536x1022.jpg 1536w, https:\/\/fromagerie-lincet.net\/wp-content\/uploads\/2024\/09\/Caillage-NB-2048x1363.jpg 2048w\" sizes=\"(max-width: 800px) 100vw, 800px\" \/>\t\t\t\t\t\t\t\t\t\t\t\t\t\t\t<\/div>\n\t\t\t\t<\/div>\n\t\t\t\t<\/div>\n\t\t\t\t\t<\/div>\n\t\t\t\t<\/div>\n\t\t<div class=\"elementor-element elementor-element-a776324 e-flex e-con-boxed e-con e-parent\" data-id=\"a776324\" data-element_type=\"container\">\n\t\t\t\t\t<div class=\"e-con-inner\">\n\t\t<div class=\"elementor-element elementor-element-4bb5073 e-con-full e-flex e-con e-child\" data-id=\"4bb5073\" data-element_type=\"container\" data-settings=\"{&quot;background_background&quot;:&quot;classic&quot;}\">\n\t\t\t\t<div class=\"elementor-element elementor-element-7df8b3d elementor-widget elementor-widget-image\" data-id=\"7df8b3d\" data-element_type=\"widget\" data-widget_type=\"image.default\">\n\t\t\t\t<div class=\"elementor-widget-container\">\n\t\t\t\t\t\t\t\t\t\t\t\t\t\t\t<img loading=\"lazy\" decoding=\"async\" width=\"800\" height=\"607\" src=\"https:\/\/fromagerie-lincet.net\/wp-content\/uploads\/2024\/10\/echauffement-1024x777.jpg\" class=\"attachment-large size-large wp-image-4161\" alt=\"Une personne portant une blouse blanche et un foulard noir est repr\u00e9sent\u00e9e de profil, effectuant un geste pr\u00e9cis de la main. Ses doigts sont entrelac\u00e9s, et l&#039;arri\u00e8re-plan est un d\u00e9cor int\u00e9rieur flou, avec une autre personne visible.\" srcset=\"https:\/\/fromagerie-lincet.net\/wp-content\/uploads\/2024\/10\/echauffement-1024x777.jpg 1024w, https:\/\/fromagerie-lincet.net\/wp-content\/uploads\/2024\/10\/echauffement-300x228.jpg 300w, https:\/\/fromagerie-lincet.net\/wp-content\/uploads\/2024\/10\/echauffement-768x582.jpg 768w, https:\/\/fromagerie-lincet.net\/wp-content\/uploads\/2024\/10\/echauffement.jpg 1250w\" sizes=\"(max-width: 800px) 100vw, 800px\" \/>\t\t\t\t\t\t\t\t\t\t\t\t\t\t\t<\/div>\n\t\t\t\t<\/div>\n\t\t\t\t<\/div>\n\t\t<div class=\"elementor-element elementor-element-11be7d3 e-con-full e-flex e-con e-child\" data-id=\"11be7d3\" data-element_type=\"container\">\n\t\t\t\t<div class=\"elementor-element elementor-element-7f4a90a elementor-widget elementor-widget-text-editor\" data-id=\"7f4a90a\" data-element_type=\"widget\" data-widget_type=\"text-editor.default\">\n\t\t\t\t<div class=\"elementor-widget-container\">\n\t\t\t\t\t\t\t\t\t<h2>The well-being of our teams<\/h2><p>The company&apos;s primary goal is <strong>to give people a taste for the cheese-making profession<\/strong>, with a view to passing on our passion. <br \/>To ensure that know-how continues to be passed on, every employee benefits from around <strong>12 hours of off-site training every year.<\/strong> <br \/>To alleviate the burden of a number of harsh physical tasks, we have chosen to invest in modern production tools, enabling <strong>us to improve gender parity and reduce drudgery.<\/strong><\/p><p>Since January 2023, we have been implementing an innovative initiative for <strong>the well-being of our teams: daily warm-ups.<\/strong> Every morning, our employees at the Vaudes and Saligny sites get together for an energetic warm-up session. <br \/>These sessions are specially designed to be adapted to each job. Whether in manufacturing or packaging, each team is shown specific movements to efficiently prepare employees for their day&apos;s work.<br \/>The initiative has been so successful that some of our employees have turned into genuine in-house coaches. These relays help build motivation and energy within the team at the start of the day, <strong>ensuring a dynamic and supportive working environment.<\/strong><\/p>\t\t\t\t\t\t\t\t<\/div>\n\t\t\t\t<\/div>\n\t\t\t\t<div class=\"elementor-element elementor-element-b8a1271 elementor-mobile-align-center elementor-widget elementor-widget-button\" data-id=\"b8a1271\" data-element_type=\"widget\" data-widget_type=\"button.default\">\n\t\t\t\t<div class=\"elementor-widget-container\">\n\t\t\t\t\t\t\t\t\t<div class=\"elementor-button-wrapper\">\n\t\t\t\t\t<a class=\"elementor-button elementor-button-link elementor-size-sm\" href=\"https:\/\/fromagerie-lincet.net\/en\/join-us\/\">\n\t\t\t\t\t\t<span class=\"elementor-button-content-wrapper\">\n\t\t\t\t\t\t\t\t\t<span class=\"elementor-button-text\">Join us<\/span>\n\t\t\t\t\t<\/span>\n\t\t\t\t\t<\/a>\n\t\t\t\t<\/div>\n\t\t\t\t\t\t\t\t<\/div>\n\t\t\t\t<\/div>\n\t\t\t\t<\/div>\n\t\t\t\t\t<\/div>\n\t\t\t\t<\/div>\n\t\t<div class=\"elementor-element elementor-element-0b4dc1d e-flex e-con-boxed e-con e-parent\" data-id=\"0b4dc1d\" data-element_type=\"container\">\n\t\t\t\t\t<div class=\"e-con-inner\">\n\t\t<div class=\"elementor-element elementor-element-9be1ff7 e-con-full e-flex e-con e-child\" data-id=\"9be1ff7\" data-element_type=\"container\">\n\t\t\t\t<div class=\"elementor-element elementor-element-043cdd2 elementor-widget elementor-widget-text-editor\" data-id=\"043cdd2\" data-element_type=\"widget\" data-widget_type=\"text-editor.default\">\n\t\t\t\t<div class=\"elementor-widget-container\">\n\t\t\t\t\t\t\t\t\t<h2 style=\"text-align: center;\">Testimonial from a producer<\/h2>\t\t\t\t\t\t\t\t<\/div>\n\t\t\t\t<\/div>\n\t\t<div class=\"elementor-element elementor-element-44d1f99 e-grid e-con-boxed e-con e-child\" data-id=\"44d1f99\" data-element_type=\"container\">\n\t\t\t\t\t<div class=\"e-con-inner\">\n\t\t\t\t<div class=\"elementor-element elementor-element-d605fc7 elementor-widget elementor-widget-image\" data-id=\"d605fc7\" data-element_type=\"widget\" data-widget_type=\"image.default\">\n\t\t\t\t<div class=\"elementor-widget-container\">\n\t\t\t\t\t\t\t\t\t\t\t\t\t\t\t<img loading=\"lazy\" decoding=\"async\" width=\"800\" height=\"532\" src=\"https:\/\/fromagerie-lincet.net\/wp-content\/uploads\/2024\/09\/DSC_6306-1024x681.jpg\" class=\"attachment-large size-large wp-image-4086\" alt=\"Un homme portant des lunettes se tient dans une grange remplie de paille, un outil \u00e0 la main. Il porte un t-shirt gris et un jean. La grange est dot\u00e9e de murs et de poutres en bois, et la lumi\u00e8re du soleil filtre par des ouvertures au plafond.\" srcset=\"https:\/\/fromagerie-lincet.net\/wp-content\/uploads\/2024\/09\/DSC_6306-1024x681.jpg 1024w, https:\/\/fromagerie-lincet.net\/wp-content\/uploads\/2024\/09\/DSC_6306-300x200.jpg 300w, https:\/\/fromagerie-lincet.net\/wp-content\/uploads\/2024\/09\/DSC_6306-768x511.jpg 768w, https:\/\/fromagerie-lincet.net\/wp-content\/uploads\/2024\/09\/DSC_6306-1536x1022.jpg 1536w, https:\/\/fromagerie-lincet.net\/wp-content\/uploads\/2024\/09\/DSC_6306-2048x1363.jpg 2048w\" sizes=\"(max-width: 800px) 100vw, 800px\" \/>\t\t\t\t\t\t\t\t\t\t\t\t\t\t\t<\/div>\n\t\t\t\t<\/div>\n\t\t\t\t<div class=\"elementor-element elementor-element-12e11a3 elementor-widget elementor-widget-text-editor\" data-id=\"12e11a3\" data-element_type=\"widget\" data-widget_type=\"text-editor.default\">\n\t\t\t\t<div class=\"elementor-widget-container\">\n\t\t\t\t\t\t\t\t\t<p><strong>INTERVIEW WITH FABIEN MILLARD, GAEC DES CORBI\u00c8RES (10), ONE OF OUR 59 PARTNER PRODUCERS.<\/strong><br \/>350 hectares, 160 dairy cows, half of which are Swiss Brown, and the other half Prim&apos;Holsteins, and a passion for working with animals that has been passed down for 4 generations&#8230; this is the daily life of the Gaec des Corbi\u00e8res, about 40 kilometers south of Troyes. Fabien Millard, with his 2 partners and 2 employees (including his father), produces one million 450 thousand litres of milk every year, sold to the Lincet dairy in Saligny near Sens (Yonne).<br \/>The farm is 69\u00a0km away from the dairy, but the same passion drives both entities: promoting this highly regarded local land!<\/p>\t\t\t\t\t\t\t\t<\/div>\n\t\t\t\t<\/div>\n\t\t\t\t\t<\/div>\n\t\t\t\t<\/div>\n\t\t\t\t<div class=\"elementor-element elementor-element-36d2de1 elementor-widget elementor-widget-text-editor\" data-id=\"36d2de1\" data-element_type=\"widget\" data-widget_type=\"text-editor.default\">\n\t\t\t\t<div class=\"elementor-widget-container\">\n\t\t\t\t\t\t\t\t\t<p>\u00a0<\/p><h3>Fabien Millard, can you tell us about your farm?<\/h3><p>Since 1999, our milk production has been dedicated to the Lincet dairy. Like 90% of the farms in the region, we do mixed farming: 180 hectares devoted exclusively to livestock feed (grass, alfalfa and maize), with the remainder dedicated to cereal production (wheat, barley, lentils, rapeseed, hemp) sold to cooperatives.<\/p><hr \/><h3>What are the constraints involved in working exclusively with the Lincet dairy?<\/h3><p>Beyond constraints, our work is in line with a charter that ensures a quality territorial identity and enables us to retain real added value. Our livestock farming meets the specifications of the Chaource PDO, which sets out the rules for both cheese-making and milk production. When it comes to feeding animals, for example, there are a number of rules to follow: 85% self-sufficiency in feed, 30% grass in rations all year round and compulsory grazing for 5 months.<\/p><hr \/><h3>Why work exclusively for Lincet?<\/h3><p>As well as being a family business, it has genuine consideration for our work in the field. It is a company with human values! It&apos;s not that common to find a company where you can talk directly to the boss! The latest generation is continuing the work of previous generations and with time, the bonds have become even stronger!<\/p><hr \/><h3>What do you think of the launch of traditional milk in March?<\/h3><p>Exploiting our production to the full with the launch of this new carton is an excellent move, which gives our milk a new identity. It will benefit everyone! Less milk loss means more profitable milk, and consumers can experience milk that&apos;s in tune with our local land, is tastier and is of greater nutritional quality! In economic terms, this new product will raise the average price of milk within six months, thus preventing the price of milk from falling in the event of another crisis!<br \/>A virtuous innovation designed to enhance the value of our day-to-day work: I can only be supportive!<\/p>\t\t\t\t\t\t\t\t<\/div>\n\t\t\t\t<\/div>\n\t\t\t\t<\/div>\n\t\t\t\t\t<\/div>\n\t\t\t\t<\/div>\n\t\t<div class=\"elementor-element elementor-element-133bbbd e-flex e-con-boxed e-con e-parent\" data-id=\"133bbbd\" data-element_type=\"container\">\n\t\t\t\t\t<div class=\"e-con-inner\">\n\t\t\t\t<div class=\"elementor-element elementor-element-f5ed281 elementor-widget elementor-widget-button\" data-id=\"f5ed281\" data-element_type=\"widget\" data-widget_type=\"button.default\">\n\t\t\t\t<div class=\"elementor-widget-container\">\n\t\t\t\t\t\t\t\t\t<div class=\"elementor-button-wrapper\">\n\t\t\t\t\t<a class=\"elementor-button elementor-button-link elementor-size-sm\" href=\"https:\/\/fromagerie-lincet.net\/en\/quality\/\">\n\t\t\t\t\t\t<span class=\"elementor-button-content-wrapper\">\n\t\t\t\t\t\t\t\t\t<span class=\"elementor-button-text\">Learn about our quality approach<\/span>\n\t\t\t\t\t<\/span>\n\t\t\t\t\t<\/a>\n\t\t\t\t<\/div>\n\t\t\t\t\t\t\t\t<\/div>\n\t\t\t\t<\/div>\n\t\t\t\t\t<\/div>\n\t\t\t\t<\/div>\n\t\t<div class=\"elementor-element elementor-element-a916a8a e-flex e-con-boxed e-con e-parent\" data-id=\"a916a8a\" data-element_type=\"container\">\n\t\t\t\t\t<div class=\"e-con-inner\">\n\t\t\t\t\t<\/div>\n\t\t\t\t<\/div>\n\t\t\t\t<\/div>\n\t\t","protected":false},"excerpt":{"rendered":"<p>Highlighting people and the transmission of know-how Cultivating the versatility of our employees by sharing their individual expertise Training and creating a taste for the cheese-making profession Ensuring the safety and well-being of our employees in the workplace Raising awareness and involving all staff in a continuous improvement process Listening to our employees and future [&hellip;]<\/p>\n","protected":false},"author":1,"featured_media":4079,"parent":0,"menu_order":0,"comment_status":"closed","ping_status":"closed","template":"elementor_header_footer","meta":{"_acf_changed":false,"_seopress_robots_primary_cat":"","_seopress_titles_title":"","_seopress_titles_desc":"","_seopress_robots_index":"","footnotes":""},"class_list":["post-4390","page","type-page","status-publish","has-post-thumbnail","hentry"],"acf":[],"_links":{"self":[{"href":"https:\/\/fromagerie-lincet.net\/en\/wp-json\/wp\/v2\/pages\/4390","targetHints":{"allow":["GET"]}}],"collection":[{"href":"https:\/\/fromagerie-lincet.net\/en\/wp-json\/wp\/v2\/pages"}],"about":[{"href":"https:\/\/fromagerie-lincet.net\/en\/wp-json\/wp\/v2\/types\/page"}],"author":[{"embeddable":true,"href":"https:\/\/fromagerie-lincet.net\/en\/wp-json\/wp\/v2\/users\/1"}],"replies":[{"embeddable":true,"href":"https:\/\/fromagerie-lincet.net\/en\/wp-json\/wp\/v2\/comments?post=4390"}],"version-history":[{"count":1,"href":"https:\/\/fromagerie-lincet.net\/en\/wp-json\/wp\/v2\/pages\/4390\/revisions"}],"predecessor-version":[{"id":4391,"href":"https:\/\/fromagerie-lincet.net\/en\/wp-json\/wp\/v2\/pages\/4390\/revisions\/4391"}],"wp:featuredmedia":[{"embeddable":true,"href":"https:\/\/fromagerie-lincet.net\/en\/wp-json\/wp\/v2\/media\/4079"}],"wp:attachment":[{"href":"https:\/\/fromagerie-lincet.net\/en\/wp-json\/wp\/v2\/media?parent=4390"}],"curies":[{"name":"wp","href":"https:\/\/api.w.org\/{rel}","templated":true}]}}