{"id":4414,"date":"2024-08-22T15:57:29","date_gmt":"2024-08-22T13:57:29","guid":{"rendered":"https:\/\/fromagerie-lincet.net\/unique-know-how\/"},"modified":"2025-11-14T10:57:17","modified_gmt":"2025-11-14T09:57:17","slug":"unique-know-how","status":"publish","type":"page","link":"https:\/\/fromagerie-lincet.net\/en\/unique-know-how\/","title":{"rendered":"Unique know-how"},"content":{"rendered":"\t\t<div data-elementor-type=\"wp-page\" data-elementor-id=\"4414\" class=\"elementor elementor-4414 elementor-140\" data-elementor-post-type=\"page\">\n\t\t\t\t<div class=\"elementor-element elementor-element-7f2b123 e-flex e-con-boxed e-con e-parent\" data-id=\"7f2b123\" data-element_type=\"container\">\n\t\t\t\t\t<div class=\"e-con-inner\">\n\t\t<div class=\"elementor-element elementor-element-53bee6c e-con-full e-flex e-con e-child\" data-id=\"53bee6c\" data-element_type=\"container\" data-settings=\"{&quot;background_background&quot;:&quot;classic&quot;}\">\n\t\t\t\t<div class=\"elementor-element elementor-element-c0ec9be elementor-widget-divider--view-line elementor-widget elementor-widget-divider\" data-id=\"c0ec9be\" data-element_type=\"widget\" data-widget_type=\"divider.default\">\n\t\t\t\t<div class=\"elementor-widget-container\">\n\t\t\t\t\t\t\t<div class=\"elementor-divider\">\n\t\t\t<span class=\"elementor-divider-separator\">\n\t\t\t\t\t\t<\/span>\n\t\t<\/div>\n\t\t\t\t\t\t<\/div>\n\t\t\t\t<\/div>\n\t\t\t\t<\/div>\n\t\t\t\t\t<\/div>\n\t\t\t\t<\/div>\n\t\t<div class=\"elementor-element elementor-element-9c0c27b e-flex e-con-boxed e-con e-parent\" data-id=\"9c0c27b\" data-element_type=\"container\">\n\t\t\t\t\t<div class=\"e-con-inner\">\n\t\t<div class=\"elementor-element elementor-element-6154349 e-con-full e-flex e-con e-child\" data-id=\"6154349\" data-element_type=\"container\" data-settings=\"{&quot;background_background&quot;:&quot;classic&quot;}\">\n\t\t\t\t<div class=\"elementor-element elementor-element-b7635fa elementor-widget elementor-widget-image\" data-id=\"b7635fa\" data-element_type=\"widget\" data-widget_type=\"image.default\">\n\t\t\t\t<div class=\"elementor-widget-container\">\n\t\t\t\t\t\t\t\t\t\t\t\t\t\t\t<img fetchpriority=\"high\" decoding=\"async\" width=\"765\" height=\"1024\" src=\"https:\/\/fromagerie-lincet.net\/wp-content\/uploads\/2024\/09\/1970-Chaource-765x1024.webp\" class=\"attachment-large size-large wp-image-4071\" alt=\"Une photo en noir et blanc de trois fromages emball\u00e9s d&#039;ancienne g\u00e9n\u00e9ration pos\u00e9s sur une couverture avec un pichet pos\u00e9 \u00e0 c\u00f4t\u00e9.\" srcset=\"https:\/\/fromagerie-lincet.net\/wp-content\/uploads\/2024\/09\/1970-Chaource-765x1024.webp 765w, https:\/\/fromagerie-lincet.net\/wp-content\/uploads\/2024\/09\/1970-Chaource-224x300.webp 224w, https:\/\/fromagerie-lincet.net\/wp-content\/uploads\/2024\/09\/1970-Chaource-768x1029.webp 768w, https:\/\/fromagerie-lincet.net\/wp-content\/uploads\/2024\/09\/1970-Chaource-1147x1536.webp 1147w, https:\/\/fromagerie-lincet.net\/wp-content\/uploads\/2024\/09\/1970-Chaource.webp 1388w\" sizes=\"(max-width: 765px) 100vw, 765px\" \/>\t\t\t\t\t\t\t\t\t\t\t\t\t\t\t<\/div>\n\t\t\t\t<\/div>\n\t\t\t\t<\/div>\n\t\t<div class=\"elementor-element elementor-element-f05c7d7 e-con-full e-flex e-con e-child\" data-id=\"f05c7d7\" data-element_type=\"container\">\n\t\t\t\t<div class=\"elementor-element elementor-element-670b6f7 elementor-widget elementor-widget-text-editor\" data-id=\"670b6f7\" data-element_type=\"widget\" data-widget_type=\"text-editor.default\">\n\t\t\t\t<div class=\"elementor-widget-container\">\n\t\t\t\t\t\t\t\t\t<h2>Unique, centuries-old <br \/>know-how<\/h2><p><strong>For more than six generations,<\/strong> the Lincet Cheese Dairy has perpetuated <strong><\/strong> a unique, centuries-old know-how in <strong>the manufacture of lactic cheeses,<\/strong> preserving this heritage in harmony with the lands of Burgundy and Champagne&#8230; This tradition, which is deeply rooted in our family history, reflects our passion for the art of cheese-making and our commitment to product quality and authenticity.<\/p><p><strong>The Lincet Cheese Dairy is proud of this unique, centuries-old know-how<\/strong>, our pride and joy.<\/p><p>By choosing our cheeses, <strong>you support a family and artisanal tradition,<\/strong> and experience the true taste of French regions.<\/p>\t\t\t\t\t\t\t\t<\/div>\n\t\t\t\t<\/div>\n\t\t\t\t<div class=\"elementor-element elementor-element-a81b4cf elementor-widget elementor-widget-button\" data-id=\"a81b4cf\" data-element_type=\"widget\" data-widget_type=\"button.default\">\n\t\t\t\t<div class=\"elementor-widget-container\">\n\t\t\t\t\t\t\t\t\t<div class=\"elementor-button-wrapper\">\n\t\t\t\t\t<a class=\"elementor-button elementor-button-link elementor-size-sm\" href=\"https:\/\/fromagerie-lincet.net\/en\/our-cheeses\/\">\n\t\t\t\t\t\t<span class=\"elementor-button-content-wrapper\">\n\t\t\t\t\t\t\t\t\t<span class=\"elementor-button-text\">See our cheeses<\/span>\n\t\t\t\t\t<\/span>\n\t\t\t\t\t<\/a>\n\t\t\t\t<\/div>\n\t\t\t\t\t\t\t\t<\/div>\n\t\t\t\t<\/div>\n\t\t\t\t<\/div>\n\t\t\t\t\t<\/div>\n\t\t\t\t<\/div>\n\t\t<div class=\"elementor-element elementor-element-677619c e-flex e-con-boxed e-con e-parent\" data-id=\"677619c\" data-element_type=\"container\">\n\t\t\t\t\t<div class=\"e-con-inner\">\n\t\t<div class=\"elementor-element elementor-element-23da2b0 e-con-full e-flex e-con e-child\" data-id=\"23da2b0\" data-element_type=\"container\">\n\t\t\t\t<div class=\"elementor-element elementor-element-d31f2ed elementor-widget elementor-widget-text-editor\" data-id=\"d31f2ed\" data-element_type=\"widget\" data-widget_type=\"text-editor.default\">\n\t\t\t\t<div class=\"elementor-widget-container\">\n\t\t\t\t\t\t\t\t\t<h2 style=\"text-align: right;\">Recipe<\/h2><p>Although the methods have been modernised, the recipe remains the same, essentially <strong>cow&apos;s milk<\/strong> collected in the vicinity of the cheese dairy, <strong>with a touch of salt, lactic ferments and rennet to curdle the milk.<\/strong><\/p><p>A respect for tradition, unchanged recipes and constant attention to detail are our best allies in making <strong>high-quality cheeses day after day.<\/strong><\/p>\t\t\t\t\t\t\t\t<\/div>\n\t\t\t\t<\/div>\n\t\t\t\t<\/div>\n\t\t<div class=\"elementor-element elementor-element-8b4caf3 e-con-full e-flex e-con e-child\" data-id=\"8b4caf3\" data-element_type=\"container\" data-settings=\"{&quot;background_background&quot;:&quot;classic&quot;}\">\n\t\t\t\t<div class=\"elementor-element elementor-element-6e1b077 elementor-widget elementor-widget-image\" data-id=\"6e1b077\" data-element_type=\"widget\" data-widget_type=\"image.default\">\n\t\t\t\t<div class=\"elementor-widget-container\">\n\t\t\t\t\t\t\t\t\t\t\t\t\t\t\t<img decoding=\"async\" width=\"683\" height=\"1024\" src=\"https:\/\/fromagerie-lincet.net\/wp-content\/uploads\/2024\/09\/Recette-1-Savoir-faire-unique-683x1024.jpg\" class=\"attachment-large size-large wp-image-4137\" alt=\"Des moules en plastique bleu remplis d&#039;un m\u00e9lange de fromage doux et cr\u00e9meux sont dispos\u00e9s sur un plateau. Les moules sont perfor\u00e9s pour permettre l&#039;\u00e9coulement de l&#039;exc\u00e9dent de liquide. L&#039;environnement ressemble \u00e0 celui d&#039;une usine de production ou de transformation de fromage.\" srcset=\"https:\/\/fromagerie-lincet.net\/wp-content\/uploads\/2024\/09\/Recette-1-Savoir-faire-unique-683x1024.jpg 683w, https:\/\/fromagerie-lincet.net\/wp-content\/uploads\/2024\/09\/Recette-1-Savoir-faire-unique-200x300.jpg 200w, https:\/\/fromagerie-lincet.net\/wp-content\/uploads\/2024\/09\/Recette-1-Savoir-faire-unique-768x1152.jpg 768w, https:\/\/fromagerie-lincet.net\/wp-content\/uploads\/2024\/09\/Recette-1-Savoir-faire-unique.jpg 1000w\" sizes=\"(max-width: 683px) 100vw, 683px\" \/>\t\t\t\t\t\t\t\t\t\t\t\t\t\t\t<\/div>\n\t\t\t\t<\/div>\n\t\t\t\t<\/div>\n\t\t\t\t\t<\/div>\n\t\t\t\t<\/div>\n\t\t<div class=\"elementor-element elementor-element-90de195 e-flex e-con-boxed e-con e-parent\" data-id=\"90de195\" data-element_type=\"container\">\n\t\t\t\t\t<div class=\"e-con-inner\">\n\t\t<div class=\"elementor-element elementor-element-80550c4 e-con-full e-flex e-con e-child\" data-id=\"80550c4\" data-element_type=\"container\" data-settings=\"{&quot;background_background&quot;:&quot;classic&quot;}\">\n\t\t\t\t<div class=\"elementor-element elementor-element-77242aa elementor-widget elementor-widget-image\" data-id=\"77242aa\" data-element_type=\"widget\" data-widget_type=\"image.default\">\n\t\t\t\t<div class=\"elementor-widget-container\">\n\t\t\t\t\t\t\t\t\t\t\t\t\t\t\t<img decoding=\"async\" width=\"800\" height=\"533\" src=\"https:\/\/fromagerie-lincet.net\/wp-content\/uploads\/2024\/09\/Caillage-NB-1024x682.jpg\" class=\"attachment-large size-large wp-image-4074\" alt=\"Un personne en tenu hyg\u00e9nique de travail dans une all\u00e9e d&#039;une entreprise.\" srcset=\"https:\/\/fromagerie-lincet.net\/wp-content\/uploads\/2024\/09\/Caillage-NB-1024x682.jpg 1024w, https:\/\/fromagerie-lincet.net\/wp-content\/uploads\/2024\/09\/Caillage-NB-300x200.jpg 300w, https:\/\/fromagerie-lincet.net\/wp-content\/uploads\/2024\/09\/Caillage-NB-768x511.jpg 768w, https:\/\/fromagerie-lincet.net\/wp-content\/uploads\/2024\/09\/Caillage-NB-1536x1022.jpg 1536w, https:\/\/fromagerie-lincet.net\/wp-content\/uploads\/2024\/09\/Caillage-NB-2048x1363.jpg 2048w\" sizes=\"(max-width: 800px) 100vw, 800px\" \/>\t\t\t\t\t\t\t\t\t\t\t\t\t\t\t<\/div>\n\t\t\t\t<\/div>\n\t\t\t\t<\/div>\n\t\t<div class=\"elementor-element elementor-element-68b312a e-con-full e-flex e-con e-child\" data-id=\"68b312a\" data-element_type=\"container\">\n\t\t\t\t<div class=\"elementor-element elementor-element-72903b4 elementor-widget elementor-widget-text-editor\" data-id=\"72903b4\" data-element_type=\"widget\" data-widget_type=\"text-editor.default\">\n\t\t\t\t<div class=\"elementor-widget-container\">\n\t\t\t\t\t\t\t\t\t<h2>Lactic acid expert<\/h2><p>At the heart of our manufacturing process is the addition of lactic ferments, essential micro-organisms that initiate milk acidification. These carefully selected ferments play a crucial role in turning milk into curd. <strong>They encourage the development of our cheeses\u2019 specific aromas and textures,<\/strong> giving them an inimitable taste.<\/p><p>Milk coagulation is a delicate and fundamental stage in this know-how. At Lincet, we favour <strong>slow, natural coagulation<\/strong>, which takes place over a period of 12 to 16 hours. This slow process allows the milk to slowly transform into curd, thus preserving all its organoleptic qualities. The result is <strong>a richly flavoured cheese with a fine, melting texture.<\/strong><\/p>\t\t\t\t\t\t\t\t<\/div>\n\t\t\t\t<\/div>\n\t\t\t\t<\/div>\n\t\t\t\t\t<\/div>\n\t\t\t\t<\/div>\n\t\t<div class=\"elementor-element elementor-element-6521fed e-flex e-con-boxed e-con e-parent\" data-id=\"6521fed\" data-element_type=\"container\">\n\t\t\t\t\t<div class=\"e-con-inner\">\n\t\t\t\t<div class=\"elementor-element elementor-element-3e35dc6 elementor-align-center elementor-widget elementor-widget-button\" data-id=\"3e35dc6\" data-element_type=\"widget\" data-widget_type=\"button.default\">\n\t\t\t\t<div class=\"elementor-widget-container\">\n\t\t\t\t\t\t\t\t\t<div class=\"elementor-button-wrapper\">\n\t\t\t\t\t<a class=\"elementor-button elementor-button-link elementor-size-sm\" href=\"https:\/\/fromagerie-lincet.net\/en\/in-the-lands-of-burgundy-and-champagne\/\">\n\t\t\t\t\t\t<span class=\"elementor-button-content-wrapper\">\n\t\t\t\t\t\t\t\t\t<span class=\"elementor-button-text\">See our location<\/span>\n\t\t\t\t\t<\/span>\n\t\t\t\t\t<\/a>\n\t\t\t\t<\/div>\n\t\t\t\t\t\t\t\t<\/div>\n\t\t\t\t<\/div>\n\t\t\t\t\t<\/div>\n\t\t\t\t<\/div>\n\t\t<div class=\"elementor-element elementor-element-cc30711 e-flex e-con-boxed e-con e-parent\" data-id=\"cc30711\" data-element_type=\"container\">\n\t\t\t\t\t<div class=\"e-con-inner\">\n\t\t\t\t\t<\/div>\n\t\t\t\t<\/div>\n\t\t\t\t<\/div>\n\t\t","protected":false},"excerpt":{"rendered":"<p>Unique, centuries-old know-how For more than six generations, the Lincet Cheese Dairy has perpetuated a unique, centuries-old know-how in the manufacture of lactic cheeses, preserving this heritage in harmony with the lands of Burgundy and Champagne&#8230; This tradition, which is deeply rooted in our family history, reflects our passion for the art of cheese-making and [&hellip;]<\/p>\n","protected":false},"author":1,"featured_media":0,"parent":0,"menu_order":0,"comment_status":"closed","ping_status":"closed","template":"elementor_header_footer","meta":{"_acf_changed":false,"_seopress_robots_primary_cat":"","_seopress_titles_title":"","_seopress_titles_desc":"","_seopress_robots_index":"","footnotes":""},"class_list":["post-4414","page","type-page","status-publish","hentry"],"acf":[],"_links":{"self":[{"href":"https:\/\/fromagerie-lincet.net\/en\/wp-json\/wp\/v2\/pages\/4414","targetHints":{"allow":["GET"]}}],"collection":[{"href":"https:\/\/fromagerie-lincet.net\/en\/wp-json\/wp\/v2\/pages"}],"about":[{"href":"https:\/\/fromagerie-lincet.net\/en\/wp-json\/wp\/v2\/types\/page"}],"author":[{"embeddable":true,"href":"https:\/\/fromagerie-lincet.net\/en\/wp-json\/wp\/v2\/users\/1"}],"replies":[{"embeddable":true,"href":"https:\/\/fromagerie-lincet.net\/en\/wp-json\/wp\/v2\/comments?post=4414"}],"version-history":[{"count":3,"href":"https:\/\/fromagerie-lincet.net\/en\/wp-json\/wp\/v2\/pages\/4414\/revisions"}],"predecessor-version":[{"id":4866,"href":"https:\/\/fromagerie-lincet.net\/en\/wp-json\/wp\/v2\/pages\/4414\/revisions\/4866"}],"wp:attachment":[{"href":"https:\/\/fromagerie-lincet.net\/en\/wp-json\/wp\/v2\/media?parent=4414"}],"curies":[{"name":"wp","href":"https:\/\/api.w.org\/{rel}","templated":true}]}}